{"id":15388,"date":"2019-07-23T14:31:25","date_gmt":"2019-07-23T12:31:25","guid":{"rendered":"http:\/\/gayarre.asymetrica.es\/llegar-copy"},"modified":"2025-12-17T13:49:20","modified_gmt":"2025-12-17T12:49:20","slug":"informacion-general","status":"publish","type":"page","link":"https:\/\/gayarre.asymetrica.es\/eu\/informacion-general\/","title":{"rendered":"Argibide nagusiak"},"content":{"rendered":"<p><strong>SARRERAK<\/strong><\/p>\n<p>Emanaldiari dagokion data duen sarrera besterik ezin izango da erabili aretoan sartzeko. Bezeroari sarrerak galtzen edo hondatzen bazaizkio edo lapurtzen badizkiote, Gayarre Antzokiak ez du erantzukizunik hartuko bere gain.<\/p>\n<p><strong>SARRERAK ITZULTZEA<\/strong><\/p>\n<p>Gehienez emanaldia baino hiru egun lehenagora arte onartuko dira, itxaron-zerrenden kudeaketa errazteko. Zerbitzu honek 1\u20ac bateko balioa izango du itzulketa bakoitzeko. Ez da dirua itzultzen, etorkizuneko erosketetan erabili ahal izango den kreditu bat duen txartel bat baizik.<\/p>\n<p><strong>TARIFA- ALDAKETAK eta DOIKUNTZAK<\/strong><\/p>\n<p>Behin erosketa-prozesua osatuta, tarifetan ez da beheranzko aldaketarik onartuko.<\/p>\n<p><strong>PUNTUALTASUNA<\/strong><\/p>\n<p>Behin ikuskizuna hasi denean, ezin izango da aretoan sartu. Komeni da sarrerak erostean gogoan hartzea ordutegiak.<\/p>\n<p><strong>PROGRAMAZIO-ALDAKETAK<\/strong><\/p>\n<p>Gayarre Antzokiak, hala behar izanez gero, iragarritako datak, ordutegiak, programak eta interpreteak aldatu ahal izango ditu.<\/p>\n<p><b>GRABAZIOAK ETA ARGAZKIAK<\/b><\/p>\n<p>Guztiz debekatuta dago aretoaren barnean filmatzea edo grabatzea.<\/p>\n<p><strong>TOPAKETAK IKUS-ENTZULEEKIN<\/strong><\/p>\n<p>Gayarre Antzokiak topaketak antolatzen ditu: zenbait emanaldiren ondoren (programan, mikrofonoaren irudia jarrita daude seinalatuta), ikus-entzuleek aktoreekin edo zuzendariekin egoteko aukera dute. Emankizunaren ondoren egiten dira. Sarrera doakoa da.<\/p>\n<p><b>ADIN TXIKIKOEN SARRERA ANTZOKIRA<\/b><\/p>\n<p class=\"translation-block\">Gayarre Antzokian, zuzeneko ikuskizun eta arteetako beste erakunde askotan bezala, aretora sartzen den pertsona orok, adina alde batera utziz, sarrera izan behar du. Adin txikikoek, zehazki, beren eserlekuan esertzeko gai izan behar dute, laguntzarik gabe, eta ikuskizunaren bilakaerari erreparatzeko gai ere izan behar dute, gainerako ikusleek arreta ez galtzeko edota gogaitzeko. Bestela, Gayarre Antzokiko aretoko langileek dagokion arduraduna gonbidatuko dute aretotik irten daitezen.<\/p>\n<p>Tutoreek erabaki behar dute beren ondorengoak ikuskizun bat ikustera eraman behar dituzten ala ez. Gayarre Antzokia ez da erantzule egiten pertsona helduek, ondoren, ikuskizuna egokia ez dela uste badute. Normalean Gayarre Antzokiak ez du jaioberrientzako programaziorik eskaintzen. Haurrentzako ikuskizunei dagokienez, egiaztatu webgunean, mesedez, kasu bakoitzean gomendatutako adina sarrerak erosi aurretik.<\/p>\n<p class=\"translation-block\"><strong>12 urtetik beherakoak heldu batek lagunduta<\/strong> sartuko dira aretora, adingabearen arduradun gisa, Gayarre Antzokian dagoen bitartean.<\/p>\n<p class=\"translation-block\"><strong>12 eta 18 urte bitarteko adin txikikoak<\/strong> bakarrik sartu ahal izango dira, betiere aitaren, amaren edo legezko tutoreen idatzizko baimena antzokiko sarreran erakusten badute. Baimenaren dokumentua <a href=\"http:\/\/gayarre.asymetrica.es\/wp-content\/uploads\/2025\/04\/AUTORIZACION-A-MENORES-DE-18-ANOS-y-MAYORES-DE-12-PARA-ACUDIR-AL-TEATRO-GAYARRE-SOLOS.docx\" target=\"_self\">hemen<\/a> deskarga dezakezu.<\/p>\n<p><strong>ITSUENTZAKO SAIOAK<\/strong><\/p>\n<p class=\"translation-block\">Nafarroako Retinosi Pigmentarioaren Elkartearen laguntzarekin. <br>\nEntzumen deskribapena: Mikel San Juli\u00e1n.<\/p>\n<p><strong>HOBEKI ENTZUTEKO<\/strong><\/p>\n<p>Entzungailuen sistema bat dago aretoan. Hartara, entzungailuak jarrita soinuaren seinale anplifikatua jaso daiteke. Horrez gain, begizta magnetikoaren zerbitzua eskaintzen da ikuskizun guztietan, eta horrek ahalbidetzen du audio-seinalea ongi iristea audifonora, hondoko zarata kenduta.<\/p>\n<p><strong>MUGIKORTASUN MURRIZTUA<\/strong><\/p>\n<p>Gayarre Antzokian toki bat gordetzen da mugikortasun murriztua duten pertsonentzat, beheko jarlekuetan. Mesedez, txartelak erostean jakinarazi behar da.<\/p>\n<p><strong>SOINU- ETA ARGI-SEINALEAK<\/strong><\/p>\n<p class=\"translation-block\">Sakelakoaren argiak edo soinuak eragotzi egiten die inguruko pertsonei eta oztopatu egiten du lan artistikoa. Horrenbestez, arren eskatzen da sakelako telefonoak eta mota guztietako alarmak eta pantailak deskonektatuta izateko aretoaren barnean.<\/p>\n<p>&nbsp;<\/p>\n<p class=\"translation-block\"><strong>ANFITEATROAN, altuera eta ikuspegi kontu batengatik, ezin da agertoki osoaren ikusgaitasuna bermatu. <\/strong><\/p>\n<p>&nbsp;<\/p>","protected":false},"excerpt":{"rendered":"<p>ENTRADAS S\u00f3lo se permitir\u00e1 el acceso a la sala con la entrada correspondiente al d\u00eda de la funci\u00f3n. El Teatro Gayarre no se hace responsable de las posibles p\u00e9rdidas, robos o deterioro de entradas DEVOLUCI\u00d3N DE ENTRADAS Se admitir\u00e1n hasta tres d\u00edas antes de la funci\u00f3n para favorecer la gesti\u00f3n de las listas de espera. &#8230; <a title=\"Argibide nagusiak\" class=\"read-more\" href=\"https:\/\/gayarre.asymetrica.es\/eu\/informacion-general\/\" aria-label=\"More on Informaci\u00f3n General\">Read more<\/a><\/p>","protected":false},"author":1,"featured_media":15318,"parent":0,"menu_order":0,"comment_status":"closed","ping_status":"closed","template":"","meta":{"_acf_changed":false,"footnotes":""},"categories":[363],"tags":[],"class_list":{"0":"post-15388","1":"page","2":"type-page","3":"status-publish","4":"has-post-thumbnail","6":"category-informacion"},"acf":[],"_links":{"self":[{"href":"https:\/\/gayarre.asymetrica.es\/eu\/wp-json\/wp\/v2\/pages\/15388","targetHints":{"allow":["GET"]}}],"collection":[{"href":"https:\/\/gayarre.asymetrica.es\/eu\/wp-json\/wp\/v2\/pages"}],"about":[{"href":"https:\/\/gayarre.asymetrica.es\/eu\/wp-json\/wp\/v2\/types\/page"}],"author":[{"embeddable":true,"href":"https:\/\/gayarre.asymetrica.es\/eu\/wp-json\/wp\/v2\/users\/1"}],"replies":[{"embeddable":true,"href":"https:\/\/gayarre.asymetrica.es\/eu\/wp-json\/wp\/v2\/comments?post=15388"}],"version-history":[{"count":0,"href":"https:\/\/gayarre.asymetrica.es\/eu\/wp-json\/wp\/v2\/pages\/15388\/revisions"}],"wp:featuredmedia":[{"embeddable":true,"href":"https:\/\/gayarre.asymetrica.es\/eu\/wp-json\/wp\/v2\/media\/15318"}],"wp:attachment":[{"href":"https:\/\/gayarre.asymetrica.es\/eu\/wp-json\/wp\/v2\/media?parent=15388"}],"wp:term":[{"taxonomy":"category","embeddable":true,"href":"https:\/\/gayarre.asymetrica.es\/eu\/wp-json\/wp\/v2\/categories?post=15388"},{"taxonomy":"post_tag","embeddable":true,"href":"https:\/\/gayarre.asymetrica.es\/eu\/wp-json\/wp\/v2\/tags?post=15388"}],"curies":[{"name":"wp","href":"https:\/\/api.w.org\/{rel}","templated":true}]}}