{"id":15384,"date":"2019-07-23T14:24:58","date_gmt":"2019-07-23T12:24:58","guid":{"rendered":"http:\/\/gayarre.asymetrica.es\/llegar-copy"},"modified":"2024-10-15T11:55:19","modified_gmt":"2024-10-15T09:55:19","slug":"contacto","status":"publish","type":"page","link":"https:\/\/gayarre.asymetrica.es\/eu\/contacto\/","title":{"rendered":"Kontaktua"},"content":{"rendered":"<div data-elementor-type=\"wp-page\" data-elementor-id=\"15384\" class=\"elementor elementor-15384\" data-elementor-post-type=\"page\">\n\t\t\t\t\t\t<section class=\"elementor-section elementor-top-section elementor-element elementor-element-2e5a1950 elementor-section-boxed elementor-section-height-default elementor-section-height-default\" data-id=\"2e5a1950\" data-element_type=\"section\" data-e-type=\"section\">\n\t\t\t\t\t\t<div class=\"elementor-container elementor-column-gap-default\">\n\t\t\t\t\t<div class=\"elementor-column elementor-col-100 elementor-top-column elementor-element elementor-element-7e55e42d\" data-id=\"7e55e42d\" data-element_type=\"column\" data-e-type=\"column\">\n\t\t\t<div class=\"elementor-widget-wrap elementor-element-populated\">\n\t\t\t\t\t\t<div class=\"elementor-element elementor-element-c563dd2 elementor-widget elementor-widget-text-editor\" data-id=\"c563dd2\" data-element_type=\"widget\" data-e-type=\"widget\" data-widget_type=\"text-editor.default\">\n\t\t\t\t\t\t\t\t\t<h4><strong>Kontakturako telefonoak<\/strong><\/h4>\n<p>INFORMACI\u00d3N 948 206 593<\/p>\n<p>Astelehenetik ostiralera, 08:00etatik 15:00etara<\/p>\n<p>Leihatila: 948 220 139<\/p>\n<p><strong>HORARIOS TAQUILLA<\/strong><\/p>\n<p>Martes a s\u00e1bado de 12:00 a 14:00 horas y de&nbsp; 17:30 a 20:30h; domingo desde una hora antes del inicio de la funci\u00f3n; lunes cerrado por descanso semanal.&nbsp;<\/p>\n<h4><strong>Helbidea<\/strong><\/h4>\n<p>Gayarre Antzokia Udal Fundazioa<br>Karlos III.aren etorbidea, 3 - 31002-Iru\u00f1a<br><a href=\"\/eu\/publicos@teatrogayarre.com\/\">publicos@teatrogayarre.com<\/a><\/p>\n<p><div class=\"caldera-grid\" id=\"caldera_form_1\" data-cf-ver=\"1.9.6\" data-cf-form-id=\"CF5d485dce64509\"><div id=\"caldera_notices_1\" data-spinner=\"https:\/\/gayarre.asymetrica.es\/wp-admin\/images\/spinner.gif\"><\/div><form data-instance=\"1\" class=\"CF5d485dce64509 caldera_forms_form cfajax-trigger\" method=\"POST\" enctype=\"multipart\/form-data\" id=\"CF5d485dce64509_1\" data-form-id=\"CF5d485dce64509\" aria-label=\"Kontaktua\" data-target=\"#caldera_notices_1\" data-template=\"#cfajax_CF5d485dce64509-tmpl\" data-cfajax=\"CF5d485dce64509\" data-load-element=\"_parent\" data-load-class=\"cf_processing\" data-post-disable=\"0\" data-action=\"cf_process_ajax_submit\" data-request=\"https:\/\/gayarre.asymetrica.es\/eu\/cf-api\/CF5d485dce64509\" data-hiderows=\"true\" action=\"\">\r\n<input type=\"hidden\" id=\"_cf_verify_CF5d485dce64509\" name=\"_cf_verify\" value=\"57b9b0b66e\"  data-nonce-time=\"1778339616\" \/><input type=\"hidden\" name=\"_wp_http_referer\" value=\"\/eu\/wp-json\/wp\/v2\/pages\/15384\" \/><div id=\"cf2-CF5d485dce64509_1\"><\/div><input type=\"hidden\" name=\"_cf_frm_id\" value=\"CF5d485dce64509\">\r\n<input type=\"hidden\" name=\"_cf_frm_ct\" value=\"1\">\r\n<input type=\"hidden\" name=\"cfajax\" value=\"CF5d485dce64509\">\r\n<input type=\"hidden\" name=\"_cf_cr_pst\" value=\"15384\">\r\n<div class=\"hide\" style=\"display:none; overflow:hidden;height:0;width:0;\">\r\n<label>Izena<\/label><input type=\"text\" name=\"name\" value=\"\" autocomplete=\"off\">\r\n<\/div><div id=\"CF5d485dce64509_1-row-1\"  class=\"row  first_row\"><div  class=\"col-sm-12  single\"><div class=\"\"><h2>Kontakturako formularioa<\/h2>\n<p>Formulario hau erabil dezakezu, Gayarre Antzokiarekin harremanetan jarri nahi baduzu<\/p>\n<\/div><\/div><\/div><div id=\"CF5d485dce64509_1-row-2\"  class=\"row\"><div  class=\"col-sm-4  first_col\"><div data-field-wrapper=\"fld_8768091\" class=\"form-group\" id=\"fld_8768091_1-wrap\">\r\n\t<label id=\"fld_8768091Label\" for=\"fld_8768091_1\" class=\"control-label\">Izena <span aria-hidden=\"true\" role=\"presentation\" class=\"field_required\" style=\"color:#ee0000;\">*<\/span><\/label>\r\n\t<div class=\"\">\r\n\t\t<input   required type=\"text\" data-field=\"fld_8768091\" class=\"form-control\" id=\"fld_8768091_1\" name=\"fld_8768091\" value=\"\" data-type=\"text\" aria-required=\"true\"   aria-labelledby=\"fld_8768091Label\" >\t\t\t<\/div>\r\n<\/div>\r\n<\/div><div  class=\"col-sm-4\"><div data-field-wrapper=\"fld_9970286\" class=\"form-group\" id=\"fld_9970286_1-wrap\">\r\n\t<label id=\"fld_9970286Label\" for=\"fld_9970286_1\" class=\"control-label\">Abizena <span aria-hidden=\"true\" role=\"presentation\" class=\"field_required\" style=\"color:#ee0000;\">*<\/span><\/label>\r\n\t<div class=\"\">\r\n\t\t<input   required type=\"text\" data-field=\"fld_9970286\" class=\"form-control\" id=\"fld_9970286_1\" name=\"fld_9970286\" value=\"\" data-type=\"text\" aria-required=\"true\"   aria-labelledby=\"fld_9970286Label\" >\t\t\t<\/div>\r\n<\/div>\r\n<\/div><div  class=\"col-sm-4  last_col\"><div data-field-wrapper=\"fld_6009157\" class=\"form-group\" id=\"fld_6009157_1-wrap\">\r\n\t<label id=\"fld_6009157Label\" for=\"fld_6009157_1\" class=\"control-label\">Helbide elektronikoa <span aria-hidden=\"true\" role=\"presentation\" class=\"field_required\" style=\"color:#ee0000;\">*<\/span><\/label>\r\n\t<div class=\"\">\r\n\t\t<input   required type=\"email\" data-field=\"fld_6009157\" class=\"form-control\" id=\"fld_6009157_1\" name=\"fld_6009157\" value=\"\" data-type=\"email\" aria-required=\"true\"   aria-labelledby=\"fld_6009157Label\" >\t\t\t<\/div>\r\n<\/div>\r\n<\/div><\/div><div id=\"CF5d485dce64509_1-row-3\"  class=\"row\"><div  class=\"col-sm-12  single\"><div data-field-wrapper=\"fld_7683514\" class=\"form-group\" id=\"fld_7683514_1-wrap\">\r\n\t<label id=\"fld_7683514Label\" for=\"fld_7683514_1\" class=\"control-label\">Idatzi hemen zure mezua <span aria-hidden=\"true\" role=\"presentation\" class=\"field_required\" style=\"color:#ee0000;\">*<\/span><\/label>\r\n\t<div class=\"\">\r\n\t\t<textarea name=\"fld_7683514\" value=\"\" data-field=\"fld_7683514\" class=\"form-control\" id=\"fld_7683514_1\" rows=\"7\"  required=\"required\"  aria-labelledby=\"fld_7683514Label\" ><\/textarea>\n\t\t\t<\/div>\r\n<\/div>\r\n<div class=\"\"><p class=\"translation-block\"><b>Datuen babesa:<\/b><br>\nGayarre Antzokia Udal Fundazioa da datuen tratamenduaren arduraduna.<br>\nDatuak tratatzearen xedea da formulario hau betetzearen eta bidaltzearen bidez edo telefono-deiaren bidez egiten duzun kontsultari erantzutea. Horrenbestez, behin kontsultari erantzunda, ez dira gordeko zure datu pertsonalak.<br>\nDatuak eskuratzeko, zuzentzeko eta ezabatzeko eskubidea duzu, eta horretarako helbide honetara jo behar duzu: <a href=\"mailto:protecciondedatos@pamplona.es\" target=\"_self\">protecciondedatos@pamplona.es<\/a>. Datuen tratamenduaren zerrenda eta datuen babesari buruzko informazio gehigarri eta zehatza gure webguneko <a href=\"\/eu\/politica-de-privacidad\" target=\"_self\">lotura honetan<\/a> kontsultatu ahal duzu.<\/p>\n<\/div><\/div><\/div><div id=\"CF5d485dce64509_1-row-4\"  class=\"row  last_row\"><div  class=\"col-sm-12  single\"><div data-field-wrapper=\"fld_7908577\" class=\"form-group\" id=\"fld_7908577_1-wrap\">\r\n<div class=\"\">\r\n\t<input  class=\"btn btn-default\" type=\"submit\" name=\"fld_7908577\" id=\"fld_7908577_1\" value=\"Bidali mezua\" data-field=\"fld_7908577\"  >\n<\/div>\r\n<\/div>\r\n\t<input class=\"button_trigger_1\" type=\"hidden\" name=\"fld_7908577\" id=\"fld_7908577_1_btn\" value=\"\" data-field=\"fld_7908577\"  \/>\n<\/div><\/div><input type=\"hidden\" name=\"trp-form-language\" value=\"eu\"\/><\/form>\r\n<\/div>\r\n<\/p>\t\t\t\t\t\t\t\t<\/div>\n\t\t\t\t\t<\/div>\n\t\t<\/div>\n\t\t\t\t\t<\/div>\n\t\t<\/section>\n\t\t\t\t<\/div>","protected":false},"excerpt":{"rendered":"<p>Tel\u00e9fonos de contacto INFORMACI\u00d3N 948 206 593 De lunes a viernes de 8:00 a 15:00 Taquilla: 948 220 139 HORARIOS TAQUILLA Martes a s\u00e1bado de 12:00 a 14:00 horas y de&nbsp; 17:30 a 20:30h; domingo desde una hora antes del inicio de la funci\u00f3n; lunes cerrado por descanso semanal.&nbsp; Direcci\u00f3n Fundaci\u00f3n Municipal Teatro GayarreAvda. Carlos &#8230; <a title=\"Kontaktua\" class=\"read-more\" href=\"https:\/\/gayarre.asymetrica.es\/eu\/contacto\/\" aria-label=\"More on Contacto\">Read more<\/a><\/p>","protected":false},"author":1,"featured_media":541166,"parent":0,"menu_order":0,"comment_status":"closed","ping_status":"closed","template":"","meta":{"_acf_changed":false,"footnotes":""},"categories":[363],"tags":[],"class_list":{"0":"post-15384","1":"page","2":"type-page","3":"status-publish","4":"has-post-thumbnail","6":"category-informacion"},"acf":[],"_links":{"self":[{"href":"https:\/\/gayarre.asymetrica.es\/eu\/wp-json\/wp\/v2\/pages\/15384","targetHints":{"allow":["GET"]}}],"collection":[{"href":"https:\/\/gayarre.asymetrica.es\/eu\/wp-json\/wp\/v2\/pages"}],"about":[{"href":"https:\/\/gayarre.asymetrica.es\/eu\/wp-json\/wp\/v2\/types\/page"}],"author":[{"embeddable":true,"href":"https:\/\/gayarre.asymetrica.es\/eu\/wp-json\/wp\/v2\/users\/1"}],"replies":[{"embeddable":true,"href":"https:\/\/gayarre.asymetrica.es\/eu\/wp-json\/wp\/v2\/comments?post=15384"}],"version-history":[{"count":0,"href":"https:\/\/gayarre.asymetrica.es\/eu\/wp-json\/wp\/v2\/pages\/15384\/revisions"}],"wp:featuredmedia":[{"embeddable":true,"href":"https:\/\/gayarre.asymetrica.es\/eu\/wp-json\/wp\/v2\/media\/541166"}],"wp:attachment":[{"href":"https:\/\/gayarre.asymetrica.es\/eu\/wp-json\/wp\/v2\/media?parent=15384"}],"wp:term":[{"taxonomy":"category","embeddable":true,"href":"https:\/\/gayarre.asymetrica.es\/eu\/wp-json\/wp\/v2\/categories?post=15384"},{"taxonomy":"post_tag","embeddable":true,"href":"https:\/\/gayarre.asymetrica.es\/eu\/wp-json\/wp\/v2\/tags?post=15384"}],"curies":[{"name":"wp","href":"https:\/\/api.w.org\/{rel}","templated":true}]}}